{"id":1092,"date":"2021-04-09T01:42:28","date_gmt":"2021-04-08T22:42:28","guid":{"rendered":"http:\/\/aizputesmebeles.lv\/?post_type=product&#038;p=1092"},"modified":"2022-04-25T13:51:38","modified_gmt":"2022-04-25T10:51:38","slug":"matracis-medea-plus","status":"publish","type":"product","link":"https:\/\/aizputesmebeles.lv\/?product=matracis-medea-plus","title":{"rendered":"Medea Plus"},"content":{"rendered":"<p>20 cm augsts ekskluz\u012bvs tr\u012bs sl\u0101\u0146u matracis \u2013 \u012bpa\u0161s \u010dehu tehnolo\u0123iju ra\u017eojums. Divu da\u017e\u0101da stingruma un elast\u012bbas 40 kg\/m<sup>3<\/sup> bl\u012bva putu poliuret\u0101na HR sl\u0101\u0146u kombin\u0101cija ar main\u012bga biezuma viskoelast\u012bgo putu poliuret\u0101nu veido 7 anatomisk\u0101s zonas, kas ide\u0101li atbilst cilv\u0113ka \u0137erme\u0146a form\u0101m un nodro\u0161ina fiziolo\u0123iski pareizu \u0137erme\u0146a st\u0101vokli atp\u016b\u0161oties, uzlabo asinsriti, samazina mugurkaula s\u0101pes. \u201eMedea Plus\u201c tehnolo\u0123ija par 20% palielin\u0101ja viskoelast\u012bg\u0101 putu \u00a0poliuret\u0101na bl\u012bvumu, t\u0101p\u0113c \u0161ie matra\u010di ir piem\u0113roti\u00a0gul\u0113\u0161anai ar\u012b cilv\u0113kiem ar \u013coti lielu svaru. Augstums ar p\u0101rvalku: ap 20 cm.\u00a0Turkl\u0101t matra\u010da apak\u0161\u0101 eso\u0161\u0101s putas apstr\u0101d\u0101 ar pretmikrobu l\u012bdzekli Sanitized\u00ae. P\u0101rvalks MORAVIA. Step\u0113jums 400gr.1m2. Sast\u0101vs\u00a060% polisters, 37% viskoze, 2% poliam\u012bds, 1% elast\u0101ns. Var mazg\u0101t<b>\u00a060\u00b0C.<\/b><\/p>\n<p>Garantija 5 gadi.<\/p>\n<p>Paredz\u0113ts gul\u0113t\u0101jiem ar svaru l\u012bdz 120 kg.<\/p>\n<p>Ciet\u012bba 2.<\/p>\n<p>Standarta p\u0101rvalks MORAVIA<\/p>\n<p>Ra\u017eots \u010cehij\u0101.<\/p>\n","protected":false},"excerpt":{"rendered":"<p>20 cm augsts ekskluz\u012bvs tr\u012bs sl\u0101\u0146u matracis \u2013 \u012bpa\u0161s \u010dehu tehnolo\u0123iju ra\u017eojums. Divu da\u017e\u0101da stingruma un elast\u012bbas 40 kg\/m3 bl\u012bva putu poliuret\u0101na HR sl\u0101\u0146u kombin\u0101cija ar main\u012bga biezuma viskoelast\u012bgo putu poliuret\u0101nu veido 7 anatomisk\u0101s zonas, kas ide\u0101li atbilst cilv\u0113ka \u0137erme\u0146a form\u0101m un nodro\u0161ina fiziolo\u0123iski pareizu \u0137erme\u0146a st\u0101vokli atp\u016b\u0161oties, uzlabo asinsriti, samazina mugurkaula s\u0101pes. \u201eMedea Plus\u201c [&hellip;]<\/p>\n","protected":false},"featured_media":2440,"comment_status":"open","ping_status":"closed","template":"","meta":[],"_links":{"self":[{"href":"https:\/\/aizputesmebeles.lv\/index.php?rest_route=\/wp\/v2\/product\/1092"}],"collection":[{"href":"https:\/\/aizputesmebeles.lv\/index.php?rest_route=\/wp\/v2\/product"}],"about":[{"href":"https:\/\/aizputesmebeles.lv\/index.php?rest_route=\/wp\/v2\/types\/product"}],"replies":[{"embeddable":true,"href":"https:\/\/aizputesmebeles.lv\/index.php?rest_route=%2Fwp%2Fv2%2Fcomments&post=1092"}],"wp:featuredmedia":[{"embeddable":true,"href":"https:\/\/aizputesmebeles.lv\/index.php?rest_route=\/wp\/v2\/media\/2440"}],"wp:attachment":[{"href":"https:\/\/aizputesmebeles.lv\/index.php?rest_route=%2Fwp%2Fv2%2Fmedia&parent=1092"}],"curies":[{"name":"wp","href":"https:\/\/api.w.org\/{rel}","templated":true}]}}