{"id":1055,"date":"2021-04-09T01:42:07","date_gmt":"2021-04-08T22:42:07","guid":{"rendered":"http:\/\/aizputesmebeles.lv\/?post_type=product&#038;p=1055"},"modified":"2025-03-01T11:10:31","modified_gmt":"2025-03-01T09:10:31","slug":"pocket-sprut-uz-ramja","status":"publish","type":"product","link":"https:\/\/aizputesmebeles.lv\/?product=pocket-sprut-uz-ramja","title":{"rendered":"Pocket Sprut uz r\u0101mja"},"content":{"rendered":"<p>Ortop\u0113disks matracis uz\u00a0atsperu bloka pamata -\u00abpocket\u00bb (255\u00a0atsperes\/m<sup>2<\/sup>), nodro\u0161ina pareizu mugurkaula st\u0101vokli miega laik\u0101.<br \/>\nSegums\u00a0\u2014 strutofaibers\u00a0\u2014 elast\u012bgs, gaisa caurlaid\u012bgs pild\u012bjums neliel\u0101m slodz\u0113m. P\u0101rbaud\u012bts un\u00a0dro\u0161s materi\u0101ls. Pie\u0146em anatomisku \u0137erme\u0146a formu. Atbalsta mugurkaulu t\u0101\u00a0dab\u012bg\u0101 st\u0101vokl\u012b.<br \/>\nVirsma p\u0101rkl\u0101ta ar\u00a0vatel\u012bna sl\u0101ni.<br \/>\nIntegr\u0113ts koka r\u0101mis ar elast\u012bg\u0101m l\u012bst\u0113m \u2014 risin\u0101jums gult\u0101m ar pacel\u0161anas meh\u0101nismu.<br \/>\nNB! Ekspluat\u0113jot matraci uz koka r\u0101mja nepiecie\u0161ams sekot atbalstu skaitam \u2014 uz katru brusu (t.sk. centr\u0101l\u0101) j\u0101b\u016bt vismaz trim atbalstiem.<br \/>\nP\u0101rvalks no auduma step\u0113ta pa sintiponu.<br \/>\nMatra\u010da augstums \u2248 20cm.<\/p>\n<p>\u2014 Atsperu bloks &#8220;Pocket&#8221;<br \/>\n\u2014 Koka r\u0101mis<br \/>\n\u2014 Strutofaibers<br \/>\n\u2014 Vatel\u012bns<\/p>\n","protected":false},"excerpt":{"rendered":"<p>Ortop\u0113disks matracis uz\u00a0atsperu bloka pamata -\u00abpocket\u00bb (255\u00a0atsperes\/m2), nodro\u0161ina pareizu mugurkaula st\u0101vokli miega laik\u0101. Segums\u00a0\u2014 strutofaibers\u00a0\u2014 elast\u012bgs, gaisa caurlaid\u012bgs pild\u012bjums neliel\u0101m slodz\u0113m. P\u0101rbaud\u012bts un\u00a0dro\u0161s materi\u0101ls. Pie\u0146em anatomisku \u0137erme\u0146a formu. Atbalsta mugurkaulu t\u0101\u00a0dab\u012bg\u0101 st\u0101vokl\u012b. Virsma p\u0101rkl\u0101ta ar\u00a0vatel\u012bna sl\u0101ni. Integr\u0113ts koka r\u0101mis ar elast\u012bg\u0101m l\u012bst\u0113m \u2014 risin\u0101jums gult\u0101m ar pacel\u0161anas meh\u0101nismu. NB! Ekspluat\u0113jot matraci uz koka r\u0101mja nepiecie\u0161ams [&hellip;]<\/p>\n","protected":false},"featured_media":2450,"comment_status":"open","ping_status":"closed","template":"","meta":[],"_links":{"self":[{"href":"https:\/\/aizputesmebeles.lv\/index.php?rest_route=\/wp\/v2\/product\/1055"}],"collection":[{"href":"https:\/\/aizputesmebeles.lv\/index.php?rest_route=\/wp\/v2\/product"}],"about":[{"href":"https:\/\/aizputesmebeles.lv\/index.php?rest_route=\/wp\/v2\/types\/product"}],"replies":[{"embeddable":true,"href":"https:\/\/aizputesmebeles.lv\/index.php?rest_route=%2Fwp%2Fv2%2Fcomments&post=1055"}],"wp:featuredmedia":[{"embeddable":true,"href":"https:\/\/aizputesmebeles.lv\/index.php?rest_route=\/wp\/v2\/media\/2450"}],"wp:attachment":[{"href":"https:\/\/aizputesmebeles.lv\/index.php?rest_route=%2Fwp%2Fv2%2Fmedia&parent=1055"}],"curies":[{"name":"wp","href":"https:\/\/api.w.org\/{rel}","templated":true}]}}