{"id":1053,"date":"2021-04-09T01:42:07","date_gmt":"2021-04-08T22:42:07","guid":{"rendered":"http:\/\/aizputesmebeles.lv\/?post_type=product&#038;p=1053"},"modified":"2025-03-01T11:13:39","modified_gmt":"2025-03-01T09:13:39","slug":"extra-uz-ra%c2%81mja","status":"publish","type":"product","link":"https:\/\/aizputesmebeles.lv\/?product=extra-uz-ra%c2%81mja","title":{"rendered":"Pocket Extra uz r\u0101mja"},"content":{"rendered":"<p>Ortop\u0113disks matracis uz\u00a0atsperu bloka pamata -\u00abpocket\u00bb (255\u00a0atsperes\/m<sup>2<\/sup>), nodro\u0161ina pareizu mugurkaula st\u0101vokli miega laik\u0101.<br \/>\nSegums\u00a0\u2014 kokosa pl\u0101ksne\u00a0\u2014 elast\u012bgs, dab\u012bgs gaisa caurlaid\u012bgs pild\u012bjums.<br \/>\nParedz\u0113ts lai pie\u0161\u0137irtu matracim ciet\u012bbu.<br \/>\nVirsma p\u0101rkl\u0101ta ar\u00a0vatel\u012bna sl\u0101ni.<br \/>\nIntegr\u0113ts koka r\u0101mis ar\u00a0elast\u012bg\u0101m l\u012bst\u0113m\u00a0\u2014 risin\u0101jums gult\u0101m ar\u00a0pacel\u0161anas meh\u0101nismu.<br \/>\nNB! Ekspluat\u0113jot matraci uz\u00a0koka r\u0101mja nepiecie\u0161ams sekot atbalstu skaitam\u00a0\u2014 uz\u00a0katru brusu (t.sk. centr\u0101l\u0101) j\u0101b\u016bt vismaz trim atbalstiem.<br \/>\nP\u0101rvalks no\u00a0auduma step\u0113ta pa\u00a0sintiponu.<br \/>\nMatra\u010da augstums \u2248 20cm.<\/p>\n<p>\u2014 Atsperu bloks &#8220;Pocket&#8221;<br \/>\n\u2014 Koka r\u0101mis<br \/>\n\u2014 Kokosa pl\u0101ksne<br \/>\n\u2014 Vatel\u012bns<\/p>\n","protected":false},"excerpt":{"rendered":"<p>Ortop\u0113disks matracis uz\u00a0atsperu bloka pamata -\u00abpocket\u00bb (255\u00a0atsperes\/m2), nodro\u0161ina pareizu mugurkaula st\u0101vokli miega laik\u0101. Segums\u00a0\u2014 kokosa pl\u0101ksne\u00a0\u2014 elast\u012bgs, dab\u012bgs gaisa caurlaid\u012bgs pild\u012bjums. Paredz\u0113ts lai pie\u0161\u0137irtu matracim ciet\u012bbu. Virsma p\u0101rkl\u0101ta ar\u00a0vatel\u012bna sl\u0101ni. Integr\u0113ts koka r\u0101mis ar\u00a0elast\u012bg\u0101m l\u012bst\u0113m\u00a0\u2014 risin\u0101jums gult\u0101m ar\u00a0pacel\u0161anas meh\u0101nismu. NB! Ekspluat\u0113jot matraci uz\u00a0koka r\u0101mja nepiecie\u0161ams sekot atbalstu skaitam\u00a0\u2014 uz\u00a0katru brusu (t.sk. centr\u0101l\u0101) j\u0101b\u016bt vismaz trim [&hellip;]<\/p>\n","protected":false},"featured_media":2448,"comment_status":"open","ping_status":"closed","template":"","meta":[],"_links":{"self":[{"href":"https:\/\/aizputesmebeles.lv\/index.php?rest_route=\/wp\/v2\/product\/1053"}],"collection":[{"href":"https:\/\/aizputesmebeles.lv\/index.php?rest_route=\/wp\/v2\/product"}],"about":[{"href":"https:\/\/aizputesmebeles.lv\/index.php?rest_route=\/wp\/v2\/types\/product"}],"replies":[{"embeddable":true,"href":"https:\/\/aizputesmebeles.lv\/index.php?rest_route=%2Fwp%2Fv2%2Fcomments&post=1053"}],"wp:featuredmedia":[{"embeddable":true,"href":"https:\/\/aizputesmebeles.lv\/index.php?rest_route=\/wp\/v2\/media\/2448"}],"wp:attachment":[{"href":"https:\/\/aizputesmebeles.lv\/index.php?rest_route=%2Fwp%2Fv2%2Fmedia&parent=1053"}],"curies":[{"name":"wp","href":"https:\/\/api.w.org\/{rel}","templated":true}]}}