{"id":1052,"date":"2021-04-09T01:42:07","date_gmt":"2021-04-08T22:42:07","guid":{"rendered":"http:\/\/aizputesmebeles.lv\/?post_type=product&#038;p=1052"},"modified":"2025-03-01T10:58:47","modified_gmt":"2025-03-01T08:58:47","slug":"spruts-uz-ramja","status":"publish","type":"product","link":"https:\/\/aizputesmebeles.lv\/?product=spruts-uz-ramja","title":{"rendered":"Sprut uz r\u0101mja"},"content":{"rendered":"<p>Matra\u010da pamat\u0101 atsperu bloks \u00abbonnell\u00bb. Kvalitat\u012bvs un ekonomisks matra\u010da variants.<br \/>\nSegums \u2014 strutofaibers \u2014 elast\u012bgs, gaisa caurlaid\u012bgs pild\u012bjums neliel\u0101m slodz\u0113m. Labas elast\u012bbas \u012bpa\u0161\u012bbas, siltumapmai\u0146a un pretnodiluma \u012bpa\u0161\u012bbas.<br \/>\nVirsma p\u0101rkl\u0101ta ar vatel\u012bna sl\u0101ni.<br \/>\nIntegr\u0113ts koka r\u0101mis ar elast\u012bg\u0101m l\u012bst\u0113m \u2014 risin\u0101jums gult\u0101m ar pacel\u0161anas meh\u0101nismu.<br \/>\nNB! Ekspluat\u0113jot matraci uz koka r\u0101mja nepiecie\u0161ams sekot atbalstu skaitam \u2014 uz katru brusu (t.sk. centr\u0101l\u0101) j\u0101b\u016bt vismaz trim atbalstiem.<br \/>\nP\u0101rvalks no auduma step\u0113ta pa sintiponu.<br \/>\nMatra\u010da augstums \u2248 20cm.<\/p>\n<p>\u2014 Atsperu bloks &#8220;Bonnell&#8221;<br \/>\n\u2014 Koka r\u0101mis<br \/>\n\u2014 Strutofaibers<br \/>\n\u2014 Vatel\u012bns<\/p>\n","protected":false},"excerpt":{"rendered":"<p>Matra\u010da pamat\u0101 atsperu bloks \u00abbonnell\u00bb. Kvalitat\u012bvs un ekonomisks matra\u010da variants. Segums \u2014 strutofaibers \u2014 elast\u012bgs, gaisa caurlaid\u012bgs pild\u012bjums neliel\u0101m slodz\u0113m. Labas elast\u012bbas \u012bpa\u0161\u012bbas, siltumapmai\u0146a un pretnodiluma \u012bpa\u0161\u012bbas. Virsma p\u0101rkl\u0101ta ar vatel\u012bna sl\u0101ni. Integr\u0113ts koka r\u0101mis ar elast\u012bg\u0101m l\u012bst\u0113m \u2014 risin\u0101jums gult\u0101m ar pacel\u0161anas meh\u0101nismu. NB! Ekspluat\u0113jot matraci uz koka r\u0101mja nepiecie\u0161ams sekot atbalstu skaitam \u2014 [&hellip;]<\/p>\n","protected":false},"featured_media":2447,"comment_status":"open","ping_status":"closed","template":"","meta":[],"_links":{"self":[{"href":"https:\/\/aizputesmebeles.lv\/index.php?rest_route=\/wp\/v2\/product\/1052"}],"collection":[{"href":"https:\/\/aizputesmebeles.lv\/index.php?rest_route=\/wp\/v2\/product"}],"about":[{"href":"https:\/\/aizputesmebeles.lv\/index.php?rest_route=\/wp\/v2\/types\/product"}],"replies":[{"embeddable":true,"href":"https:\/\/aizputesmebeles.lv\/index.php?rest_route=%2Fwp%2Fv2%2Fcomments&post=1052"}],"wp:featuredmedia":[{"embeddable":true,"href":"https:\/\/aizputesmebeles.lv\/index.php?rest_route=\/wp\/v2\/media\/2447"}],"wp:attachment":[{"href":"https:\/\/aizputesmebeles.lv\/index.php?rest_route=%2Fwp%2Fv2%2Fmedia&parent=1052"}],"curies":[{"name":"wp","href":"https:\/\/api.w.org\/{rel}","templated":true}]}}