{"id":1049,"date":"2021-04-09T01:42:07","date_gmt":"2021-04-08T22:42:07","guid":{"rendered":"http:\/\/aizputesmebeles.lv\/?post_type=product&#038;p=1049"},"modified":"2025-02-28T17:43:06","modified_gmt":"2025-02-28T15:43:06","slug":"5-zone-pocket-kombi","status":"publish","type":"product","link":"https:\/\/aizputesmebeles.lv\/?product=5-zone-pocket-kombi","title":{"rendered":"5 zonu Pocket Kombi"},"content":{"rendered":"<p>Ortop\u0113disks matracis uz\u00a05-zonu atsperu bloka pamata \u00abpocket\u00bb (255\u00a0atsperes\/m<sup>2<\/sup>), nodro\u0161ina pareizu mugurkaula st\u0101vokli miega laik\u0101. Prec\u012bz\u0101ks \u0137erme\u0146a svara izvietojums pa\u00a0zon\u0101m (galva, pleci, gurni, iegurnis, k\u0101jas).<\/p>\n<p>Segums\u00a0\u2014 perfor\u0113ts latekss\u00a0\u2014 elast\u012bgs pild\u012bjums. Pie\u0146em anatomiska \u0137erme\u0146a formu. Labi atbalsta mugurkaulu t\u0101\u00a0dab\u012bg\u0101 st\u0101vokl\u012b, nodro\u0161inot musku\u013cu atsl\u0101bin\u0101\u0161anos.<\/p>\n<p>Otra puse\u00a0\u2014 kokosa pl\u0101ksne\u00a0\u2014 elast\u012bgs, dab\u012bgs, gaisa caurlaid\u012bgs pild\u012bjums.<\/p>\n<p>No\u00a0ab\u0101m pus\u0113m p\u0101rkl\u0101ts ar\u00a0vatel\u012bna sl\u0101ni.<\/p>\n<p>P\u0101rvalks no\u00a0auduma step\u0113ta pa\u00a0sintiponu ar\u00a0r\u0101v\u0113jsl\u0113dzi.<\/p>\n<p>Matra\u010da augstums \u2248 19cm.<\/p>\n<p>\u2014 Atsperu bloks 5-zonu &#8220;Pocket&#8221;<br \/>\n\u2014 Latekss<br \/>\n\u2014 Latekss<br \/>\n\u2014 Kokosa pl\u0101ksne<br \/>\n\u2014 Vatel\u012bns<\/p>\n","protected":false},"excerpt":{"rendered":"<p>Ortop\u0113disks matracis uz\u00a05-zonu atsperu bloka pamata \u00abpocket\u00bb (255\u00a0atsperes\/m2), nodro\u0161ina pareizu mugurkaula st\u0101vokli miega laik\u0101. Prec\u012bz\u0101ks \u0137erme\u0146a svara izvietojums pa\u00a0zon\u0101m (galva, pleci, gurni, iegurnis, k\u0101jas). Segums\u00a0\u2014 perfor\u0113ts latekss\u00a0\u2014 elast\u012bgs pild\u012bjums. Pie\u0146em anatomiska \u0137erme\u0146a formu. Labi atbalsta mugurkaulu t\u0101\u00a0dab\u012bg\u0101 st\u0101vokl\u012b, nodro\u0161inot musku\u013cu atsl\u0101bin\u0101\u0161anos. Otra puse\u00a0\u2014 kokosa pl\u0101ksne\u00a0\u2014 elast\u012bgs, dab\u012bgs, gaisa caurlaid\u012bgs pild\u012bjums. No\u00a0ab\u0101m pus\u0113m p\u0101rkl\u0101ts ar\u00a0vatel\u012bna sl\u0101ni. [&hellip;]<\/p>\n","protected":false},"featured_media":2414,"comment_status":"open","ping_status":"closed","template":"","meta":[],"_links":{"self":[{"href":"https:\/\/aizputesmebeles.lv\/index.php?rest_route=\/wp\/v2\/product\/1049"}],"collection":[{"href":"https:\/\/aizputesmebeles.lv\/index.php?rest_route=\/wp\/v2\/product"}],"about":[{"href":"https:\/\/aizputesmebeles.lv\/index.php?rest_route=\/wp\/v2\/types\/product"}],"replies":[{"embeddable":true,"href":"https:\/\/aizputesmebeles.lv\/index.php?rest_route=%2Fwp%2Fv2%2Fcomments&post=1049"}],"wp:featuredmedia":[{"embeddable":true,"href":"https:\/\/aizputesmebeles.lv\/index.php?rest_route=\/wp\/v2\/media\/2414"}],"wp:attachment":[{"href":"https:\/\/aizputesmebeles.lv\/index.php?rest_route=%2Fwp%2Fv2%2Fmedia&parent=1049"}],"curies":[{"name":"wp","href":"https:\/\/api.w.org\/{rel}","templated":true}]}}