{"id":1047,"date":"2021-04-09T01:42:07","date_gmt":"2021-04-08T22:42:07","guid":{"rendered":"http:\/\/aizputesmebeles.lv\/?post_type=product&#038;p=1047"},"modified":"2025-02-27T18:26:01","modified_gmt":"2025-02-27T16:26:01","slug":"pocket-lux","status":"publish","type":"product","link":"https:\/\/aizputesmebeles.lv\/?product=pocket-lux","title":{"rendered":"Pocket Memory"},"content":{"rendered":"<p>Ortop\u0113disks matracis uz\u00a0atsperu bloka pamata \u00abpocket\u00bb (255\u00a0atsperes\/m<sup>2<\/sup>), nodro\u0161ina pareizu mugurkaula st\u0101vokli miega laik\u0101.<\/p>\n<p>Segums\u00a0\u2014 augsti tehnolo\u0123isks materi\u0101ls \u00abmemory foam\u00bb (viskoelastiks). Pie\u0146em anatomisku \u0137erme\u0146a formu. \u013boti labi atbalsta mugurkaulu t\u0101\u00a0dab\u012bg\u0101 st\u0101vokl\u012b, nodro\u0161inot musku\u013cu atsl\u0101bin\u0101\u0161anos. Netrauc\u0113 norm\u0101lai asinsritei.<br \/>\nOtra puse\u00a0\u2014 kokosa pl\u0101ksne\u00a0\u2014 elast\u012bgs, dab\u012bgs, gaisa caurlaid\u012bgs pild\u012bjums.<br \/>\nNo\u00a0ab\u0101m pus\u0113m p\u0101rkl\u0101ts ar\u00a0vatel\u012bna sl\u0101ni.<br \/>\nP\u0101rvalks no\u00a0auduma step\u0113ta pa\u00a0sintiponu ar\u00a0r\u0101v\u0113jsl\u0113dzi.<br \/>\nMatra\u010da augstums \u2248 22cm<\/p>\n<div class=\"row\">\n<div class=\"col-md-2-50ths\">\n<div class=\"product_meta\">\u2014\u00a0Atsperu bloks &#8220;Pocket&#8221;<br \/>\n\u2014\u00a0\u00abMemory Foam\u00bb<br \/>\n\u2014\u00a0Kokosa pl\u0101ksne<br \/>\n\u2014\u00a0Vatel\u012bns<\/div>\n<\/div>\n<\/div>\n","protected":false},"excerpt":{"rendered":"<p>Ortop\u0113disks matracis uz\u00a0atsperu bloka pamata \u00abpocket\u00bb (255\u00a0atsperes\/m2), nodro\u0161ina pareizu mugurkaula st\u0101vokli miega laik\u0101. Segums\u00a0\u2014 augsti tehnolo\u0123isks materi\u0101ls \u00abmemory foam\u00bb (viskoelastiks). Pie\u0146em anatomisku \u0137erme\u0146a formu. \u013boti labi atbalsta mugurkaulu t\u0101\u00a0dab\u012bg\u0101 st\u0101vokl\u012b, nodro\u0161inot musku\u013cu atsl\u0101bin\u0101\u0161anos. Netrauc\u0113 norm\u0101lai asinsritei. Otra puse\u00a0\u2014 kokosa pl\u0101ksne\u00a0\u2014 elast\u012bgs, dab\u012bgs, gaisa caurlaid\u012bgs pild\u012bjums. No\u00a0ab\u0101m pus\u0113m p\u0101rkl\u0101ts ar\u00a0vatel\u012bna sl\u0101ni. P\u0101rvalks no\u00a0auduma step\u0113ta pa\u00a0sintiponu ar\u00a0r\u0101v\u0113jsl\u0113dzi. [&hellip;]<\/p>\n","protected":false},"featured_media":2417,"comment_status":"open","ping_status":"closed","template":"","meta":[],"_links":{"self":[{"href":"https:\/\/aizputesmebeles.lv\/index.php?rest_route=\/wp\/v2\/product\/1047"}],"collection":[{"href":"https:\/\/aizputesmebeles.lv\/index.php?rest_route=\/wp\/v2\/product"}],"about":[{"href":"https:\/\/aizputesmebeles.lv\/index.php?rest_route=\/wp\/v2\/types\/product"}],"replies":[{"embeddable":true,"href":"https:\/\/aizputesmebeles.lv\/index.php?rest_route=%2Fwp%2Fv2%2Fcomments&post=1047"}],"wp:featuredmedia":[{"embeddable":true,"href":"https:\/\/aizputesmebeles.lv\/index.php?rest_route=\/wp\/v2\/media\/2417"}],"wp:attachment":[{"href":"https:\/\/aizputesmebeles.lv\/index.php?rest_route=%2Fwp%2Fv2%2Fmedia&parent=1047"}],"curies":[{"name":"wp","href":"https:\/\/api.w.org\/{rel}","templated":true}]}}