{"id":1044,"date":"2021-04-09T01:42:07","date_gmt":"2021-04-08T22:42:07","guid":{"rendered":"http:\/\/aizputesmebeles.lv\/?post_type=product&#038;p=1044"},"modified":"2025-02-27T18:03:16","modified_gmt":"2025-02-27T16:03:16","slug":"pocket-ekstra","status":"publish","type":"product","link":"https:\/\/aizputesmebeles.lv\/?product=pocket-ekstra","title":{"rendered":"Pocket Extra"},"content":{"rendered":"<p>Ortop\u0113disks matracis uz\u00a0atsperu bloka pamata \u00abpocket\u00bb (255\u00a0atsperes\/m<sup>2<\/sup>), nodro\u0161ina pareizu mugurkaula st\u0101vokli miega laik\u0101.<\/p>\n<p>Segums\u00a0\u2014 kokosa pl\u0101ksne\u00a0\u2014 elast\u012bgs, dab\u012bgs gaisa caurlaid\u012bgs pild\u012bjums.<\/p>\n<p>Paredz\u0113ts lai pie\u0161\u0137irtu matracim ciet\u012bbu.<\/p>\n<p>No\u00a0ab\u0101m pus\u0113m p\u0101rkl\u0101ts ar\u00a0vatel\u012bna sl\u0101ni.<\/p>\n<p>P\u0101rvalks no\u00a0auduma step\u0113ta pa\u00a0sintiponu ar\u00a0r\u0101v\u0113jsl\u0113dzi.<\/p>\n<p>Matra\u010da augstums \u2248 19cm.<\/p>\n","protected":false},"excerpt":{"rendered":"<p>Ortop\u0113disks matracis uz\u00a0atsperu bloka pamata \u00abpocket\u00bb (255\u00a0atsperes\/m2), nodro\u0161ina pareizu mugurkaula st\u0101vokli miega laik\u0101. Segums\u00a0\u2014 kokosa pl\u0101ksne\u00a0\u2014 elast\u012bgs, dab\u012bgs gaisa caurlaid\u012bgs pild\u012bjums. Paredz\u0113ts lai pie\u0161\u0137irtu matracim ciet\u012bbu. No\u00a0ab\u0101m pus\u0113m p\u0101rkl\u0101ts ar\u00a0vatel\u012bna sl\u0101ni. P\u0101rvalks no\u00a0auduma step\u0113ta pa\u00a0sintiponu ar\u00a0r\u0101v\u0113jsl\u0113dzi. Matra\u010da augstums \u2248 19cm.<\/p>\n","protected":false},"featured_media":2415,"comment_status":"open","ping_status":"closed","template":"","meta":[],"_links":{"self":[{"href":"https:\/\/aizputesmebeles.lv\/index.php?rest_route=\/wp\/v2\/product\/1044"}],"collection":[{"href":"https:\/\/aizputesmebeles.lv\/index.php?rest_route=\/wp\/v2\/product"}],"about":[{"href":"https:\/\/aizputesmebeles.lv\/index.php?rest_route=\/wp\/v2\/types\/product"}],"replies":[{"embeddable":true,"href":"https:\/\/aizputesmebeles.lv\/index.php?rest_route=%2Fwp%2Fv2%2Fcomments&post=1044"}],"wp:featuredmedia":[{"embeddable":true,"href":"https:\/\/aizputesmebeles.lv\/index.php?rest_route=\/wp\/v2\/media\/2415"}],"wp:attachment":[{"href":"https:\/\/aizputesmebeles.lv\/index.php?rest_route=%2Fwp%2Fv2%2Fmedia&parent=1044"}],"curies":[{"name":"wp","href":"https:\/\/api.w.org\/{rel}","templated":true}]}}