{"id":1042,"date":"2021-04-09T01:42:06","date_gmt":"2021-04-08T22:42:06","guid":{"rendered":"http:\/\/aizputesmebeles.lv\/?post_type=product&#038;p=1042"},"modified":"2024-10-20T10:35:12","modified_gmt":"2024-10-20T07:35:12","slug":"izvelkams-diva%c2%81ns-2","status":"publish","type":"product","link":"https:\/\/aizputesmebeles.lv\/?product=izvelkams-diva%c2%81ns-2","title":{"rendered":"Izvelkams d\u012bv\u0101ns M"},"content":{"rendered":"<p>Uz Priek\u0161u izlai\u017eams d\u012bv\u0101ns <strong>M<\/strong><br \/>\nD\u012bv\u0101ns ir vienk\u0101r\u0161as konstrukcijas bez sare\u017e\u0123\u012btiem meh\u0101nismiem un viegli izlai\u017eams. T\u0101pat d\u012bv\u0101nam ir ietilp\u012bga ve\u013cas kaste.<br \/>\nD\u012bv\u0101nam ir putu\u00a0 matra\u010di un izlai\u017eot salaiduma vieta san\u0101k zem spilvena un zem k\u0101j\u0101m.<br \/>\nD\u012bv\u0101nu ir iesp\u0113jams pas\u016bt\u012bt da\u017e\u0101d\u0101s kr\u0101s\u0101s un kombin\u0113tu vai vienkr\u0101sainu (cena var main\u012bties no auduma izv\u0113les).<br \/>\nNepiecie\u0161am\u012bbas gad\u012bjum\u0101 var pas\u016btot main\u012bt d\u012bv\u0101na platumu vainu sa\u0161aurinot vai paplatinot (solis 10cm &#8230; konsult\u0113jieties ar p\u0101rdev\u0113ju).<\/p>\n<p>Neskatoties uz d\u012bv\u0101na nelielajiem \u0101r\u0113jiem izm\u0113riem &#8211; 100x140cm, tam ir liela gu\u013cam\u0101 vieta 120 x 195 cm.<\/p>\n","protected":false},"excerpt":{"rendered":"<p>Uz Priek\u0161u izlai\u017eams d\u012bv\u0101ns M D\u012bv\u0101ns ir vienk\u0101r\u0161as konstrukcijas bez sare\u017e\u0123\u012btiem meh\u0101nismiem un viegli izlai\u017eams. T\u0101pat d\u012bv\u0101nam ir ietilp\u012bga ve\u013cas kaste. D\u012bv\u0101nam ir putu\u00a0 matra\u010di un izlai\u017eot salaiduma vieta san\u0101k zem spilvena un zem k\u0101j\u0101m. D\u012bv\u0101nu ir iesp\u0113jams pas\u016bt\u012bt da\u017e\u0101d\u0101s kr\u0101s\u0101s un kombin\u0113tu vai vienkr\u0101sainu (cena var main\u012bties no auduma izv\u0113les). Nepiecie\u0161am\u012bbas gad\u012bjum\u0101 var pas\u016btot [&hellip;]<\/p>\n","protected":false},"featured_media":2536,"comment_status":"open","ping_status":"closed","template":"","meta":[],"_links":{"self":[{"href":"https:\/\/aizputesmebeles.lv\/index.php?rest_route=\/wp\/v2\/product\/1042"}],"collection":[{"href":"https:\/\/aizputesmebeles.lv\/index.php?rest_route=\/wp\/v2\/product"}],"about":[{"href":"https:\/\/aizputesmebeles.lv\/index.php?rest_route=\/wp\/v2\/types\/product"}],"replies":[{"embeddable":true,"href":"https:\/\/aizputesmebeles.lv\/index.php?rest_route=%2Fwp%2Fv2%2Fcomments&post=1042"}],"wp:featuredmedia":[{"embeddable":true,"href":"https:\/\/aizputesmebeles.lv\/index.php?rest_route=\/wp\/v2\/media\/2536"}],"wp:attachment":[{"href":"https:\/\/aizputesmebeles.lv\/index.php?rest_route=%2Fwp%2Fv2%2Fmedia&parent=1042"}],"curies":[{"name":"wp","href":"https:\/\/api.w.org\/{rel}","templated":true}]}}