{"id":1014,"date":"2021-04-09T01:41:45","date_gmt":"2021-04-08T22:41:45","guid":{"rendered":"http:\/\/aizputesmebeles.lv\/?post_type=product&#038;p=1014"},"modified":"2025-02-27T17:40:57","modified_gmt":"2025-02-27T15:40:57","slug":"spruts-ar-bonnell-atsperem","status":"publish","type":"product","link":"https:\/\/aizputesmebeles.lv\/?product=spruts-ar-bonnell-atsperem","title":{"rendered":"Sprut"},"content":{"rendered":"<p>Matra\u010da pamat\u0101 atsperu bloks \u00abbonnell\u00bb. Kvalitat\u012bvs un ekonomisks matra\u010da variants.<\/p>\n<p>Segums \u2014 strutofaibers \u2014 elast\u012bgs, gaisa caurlaid\u012bgs pild\u012bjums neliel\u0101m slodz\u0113m. Labas elast\u012bbas \u012bpa\u0161\u012bbas, siltumapmai\u0146a un pretnodiluma \u012bpa\u0161\u012bbas.<\/p>\n<p>No ab\u0101m pus\u0113m p\u0101rkl\u0101ts ar vatel\u012bna sl\u0101ni.<\/p>\n<p>P\u0101rvalks no auduma step\u0113ta pa sintiponu ar r\u0101v\u0113jsl\u0113dzi.<\/p>\n<p>Matra\u010da augstums \u2248 18cm.<\/p>\n<p>\u2014 Atsperu bloks &#8220;Bonnell&#8221;<br \/>\n\u2014 Strutofaibers<br \/>\n\u2014 Vatel\u012bns<\/p>\n","protected":false},"excerpt":{"rendered":"<p>Matra\u010da pamat\u0101 atsperu bloks \u00abbonnell\u00bb. Kvalitat\u012bvs un ekonomisks matra\u010da variants. Segums \u2014 strutofaibers \u2014 elast\u012bgs, gaisa caurlaid\u012bgs pild\u012bjums neliel\u0101m slodz\u0113m. Labas elast\u012bbas \u012bpa\u0161\u012bbas, siltumapmai\u0146a un pretnodiluma \u012bpa\u0161\u012bbas. No ab\u0101m pus\u0113m p\u0101rkl\u0101ts ar vatel\u012bna sl\u0101ni. P\u0101rvalks no auduma step\u0113ta pa sintiponu ar r\u0101v\u0113jsl\u0113dzi. Matra\u010da augstums \u2248 18cm. \u2014 Atsperu bloks &#8220;Bonnell&#8221; \u2014 Strutofaibers \u2014 Vatel\u012bns<\/p>\n","protected":false},"featured_media":2404,"comment_status":"open","ping_status":"closed","template":"","meta":[],"_links":{"self":[{"href":"https:\/\/aizputesmebeles.lv\/index.php?rest_route=\/wp\/v2\/product\/1014"}],"collection":[{"href":"https:\/\/aizputesmebeles.lv\/index.php?rest_route=\/wp\/v2\/product"}],"about":[{"href":"https:\/\/aizputesmebeles.lv\/index.php?rest_route=\/wp\/v2\/types\/product"}],"replies":[{"embeddable":true,"href":"https:\/\/aizputesmebeles.lv\/index.php?rest_route=%2Fwp%2Fv2%2Fcomments&post=1014"}],"wp:featuredmedia":[{"embeddable":true,"href":"https:\/\/aizputesmebeles.lv\/index.php?rest_route=\/wp\/v2\/media\/2404"}],"wp:attachment":[{"href":"https:\/\/aizputesmebeles.lv\/index.php?rest_route=%2Fwp%2Fv2%2Fmedia&parent=1014"}],"curies":[{"name":"wp","href":"https:\/\/api.w.org\/{rel}","templated":true}]}}