{"id":1011,"date":"2021-04-09T01:41:45","date_gmt":"2021-04-08T22:41:45","guid":{"rendered":"http:\/\/aizputesmebeles.lv\/?post_type=product&#038;p=1011"},"modified":"2025-03-01T11:49:57","modified_gmt":"2025-03-01T09:49:57","slug":"lateksa-virsmatracis","status":"publish","type":"product","link":"https:\/\/aizputesmebeles.lv\/?product=lateksa-virsmatracis","title":{"rendered":"Lateksa virsmatracis"},"content":{"rendered":"<p>M\u012bksts virsmatracis, \u013cauj mazin\u0101t matra\u010da ciet\u012bbu un uzlabo t\u0101 anatomisk\u0101s \u012bpa\u0161\u012bbas.<\/p>\n<p>Aizsarg\u0101s matraci no net\u012brumiem, k\u0101 ar\u012b nodro\u0161ina p\u0101rvalka pretnodilumu.<\/p>\n<p>Pild\u012bjums\u2014 perfor\u0113ts latekss \u2014 elast\u012bgs materi\u0101ls. Pie\u0146em anatomisku \u0137erme\u0146a formu. Atbalsta mugurkaulu t\u0101 dab\u012bg\u0101 st\u0101vokl\u012b, nodro\u0161inot musku\u013cu atsl\u0101bin\u0101\u0161anos.<\/p>\n<p>No ab\u0101m pus\u0113m p\u0101rkl\u0101ts ar vatel\u012bna sl\u0101ni<\/p>\n<p>P\u0101rvalks no auduma step\u0113ta pa sintiponu ar r\u0101v\u0113jsl\u0113dzi.<\/p>\n<p>Virsmatra\u010da augstums \u2248 3cm.<\/p>\n<p>\u2014 Latekss<br \/>\n\u2014 Latekss<br \/>\n\u2014 Vatel\u012bns<\/p>\n","protected":false},"excerpt":{"rendered":"<p>M\u012bksts virsmatracis, \u013cauj mazin\u0101t matra\u010da ciet\u012bbu un uzlabo t\u0101 anatomisk\u0101s \u012bpa\u0161\u012bbas. Aizsarg\u0101s matraci no net\u012brumiem, k\u0101 ar\u012b nodro\u0161ina p\u0101rvalka pretnodilumu. Pild\u012bjums\u2014 perfor\u0113ts latekss \u2014 elast\u012bgs materi\u0101ls. Pie\u0146em anatomisku \u0137erme\u0146a formu. Atbalsta mugurkaulu t\u0101 dab\u012bg\u0101 st\u0101vokl\u012b, nodro\u0161inot musku\u013cu atsl\u0101bin\u0101\u0161anos. No ab\u0101m pus\u0113m p\u0101rkl\u0101ts ar vatel\u012bna sl\u0101ni P\u0101rvalks no auduma step\u0113ta pa sintiponu ar r\u0101v\u0113jsl\u0113dzi. Virsmatra\u010da augstums [&hellip;]<\/p>\n","protected":false},"featured_media":2461,"comment_status":"open","ping_status":"closed","template":"","meta":[],"_links":{"self":[{"href":"https:\/\/aizputesmebeles.lv\/index.php?rest_route=\/wp\/v2\/product\/1011"}],"collection":[{"href":"https:\/\/aizputesmebeles.lv\/index.php?rest_route=\/wp\/v2\/product"}],"about":[{"href":"https:\/\/aizputesmebeles.lv\/index.php?rest_route=\/wp\/v2\/types\/product"}],"replies":[{"embeddable":true,"href":"https:\/\/aizputesmebeles.lv\/index.php?rest_route=%2Fwp%2Fv2%2Fcomments&post=1011"}],"wp:featuredmedia":[{"embeddable":true,"href":"https:\/\/aizputesmebeles.lv\/index.php?rest_route=\/wp\/v2\/media\/2461"}],"wp:attachment":[{"href":"https:\/\/aizputesmebeles.lv\/index.php?rest_route=%2Fwp%2Fv2%2Fmedia&parent=1011"}],"curies":[{"name":"wp","href":"https:\/\/api.w.org\/{rel}","templated":true}]}}