{"id":1010,"date":"2021-04-09T01:41:45","date_gmt":"2021-04-08T22:41:45","guid":{"rendered":"http:\/\/aizputesmebeles.lv\/?post_type=product&#038;p=1010"},"modified":"2025-03-01T11:47:53","modified_gmt":"2025-03-01T09:47:53","slug":"kokosa-virsmatracis","status":"publish","type":"product","link":"https:\/\/aizputesmebeles.lv\/?product=kokosa-virsmatracis","title":{"rendered":"Kokosa virsmatracis"},"content":{"rendered":"<p>Virsmatracis kur\u0161 piedod matracim ciet\u012bbu.<\/p>\n<p>Aizsarg\u0101s matraci no net\u012brumiem, k\u0101 ar\u012b nodro\u0161ina p\u0101rvalka pretnodilumu.<\/p>\n<p>Pild\u012bjums \u2014 kokosa pl\u0101ksne \u2014 elast\u012bgs, dab\u012bgs, gaisa caurlaid\u012bgs materi\u0101ls.<\/p>\n<p>No ab\u0101m pus\u0113m p\u0101rkl\u0101ts ar vatel\u012bna sl\u0101ni.<\/p>\n<p>P\u0101rvalks no auduma step\u0113ta pa sintiponu ar r\u0101v\u0113jsl\u0113dzi.<\/p>\n<p>Virsmatra\u010da augstums \u2248 3cm.<\/p>\n<p>\u2014 Kokosa pl\u0101ksne<br \/>\n\u2014 Vatel\u012bns<\/p>\n","protected":false},"excerpt":{"rendered":"<p>Virsmatracis kur\u0161 piedod matracim ciet\u012bbu. Aizsarg\u0101s matraci no net\u012brumiem, k\u0101 ar\u012b nodro\u0161ina p\u0101rvalka pretnodilumu. Pild\u012bjums \u2014 kokosa pl\u0101ksne \u2014 elast\u012bgs, dab\u012bgs, gaisa caurlaid\u012bgs materi\u0101ls. No ab\u0101m pus\u0113m p\u0101rkl\u0101ts ar vatel\u012bna sl\u0101ni. P\u0101rvalks no auduma step\u0113ta pa sintiponu ar r\u0101v\u0113jsl\u0113dzi. Virsmatra\u010da augstums \u2248 3cm. \u2014 Kokosa pl\u0101ksne \u2014 Vatel\u012bns<\/p>\n","protected":false},"featured_media":2460,"comment_status":"open","ping_status":"closed","template":"","meta":[],"_links":{"self":[{"href":"https:\/\/aizputesmebeles.lv\/index.php?rest_route=\/wp\/v2\/product\/1010"}],"collection":[{"href":"https:\/\/aizputesmebeles.lv\/index.php?rest_route=\/wp\/v2\/product"}],"about":[{"href":"https:\/\/aizputesmebeles.lv\/index.php?rest_route=\/wp\/v2\/types\/product"}],"replies":[{"embeddable":true,"href":"https:\/\/aizputesmebeles.lv\/index.php?rest_route=%2Fwp%2Fv2%2Fcomments&post=1010"}],"wp:featuredmedia":[{"embeddable":true,"href":"https:\/\/aizputesmebeles.lv\/index.php?rest_route=\/wp\/v2\/media\/2460"}],"wp:attachment":[{"href":"https:\/\/aizputesmebeles.lv\/index.php?rest_route=%2Fwp%2Fv2%2Fmedia&parent=1010"}],"curies":[{"name":"wp","href":"https:\/\/api.w.org\/{rel}","templated":true}]}}