{"id":1008,"date":"2021-04-09T01:41:45","date_gmt":"2021-04-08T22:41:45","guid":{"rendered":"http:\/\/aizputesmebeles.lv\/?post_type=product&#038;p=1008"},"modified":"2026-01-06T17:25:20","modified_gmt":"2026-01-06T15:25:20","slug":"gulta-luiza","status":"publish","type":"product","link":"https:\/\/aizputesmebeles.lv\/?product=gulta-luiza","title":{"rendered":"Gulta &#8220;LUIZA&#8221;"},"content":{"rendered":"<p>Gulta &#8220;Luiza&#8221; izgatavota no melnalk\u0161\u0146a mas\u012bvkoka un ir ar m\u016bsdien\u012bgu dizainu. Gulta ir izgatavota no 30 mm bieza materi\u0101la kas padara gultas konstrukciju stabilu un iztur\u012bgu.<br \/>\nGultas b\u0101zes komplekt\u0101 ir iek\u013cauts gultas karkas un izm\u0113riem s\u0101kot no 120 platuma ar\u012b vidus l\u012bste ar regul\u0113jamu centr\u0101lo atbalsta k\u0101ju. Gultai ir iesp\u0113jams piekomplekt\u0113t ve\u013cas kastes kuras ir uz rite\u0146iem un pastumjamas zem gultas no vienas vai otras gultas s\u0101nu malas. Ve\u013cas kaste ir izgatavota no sapl\u0101k\u0161\u0146a un fas\u0101de no koka. Lai ve\u013cas kastes sapl\u0101k\u0161\u0146a da\u013ca neb\u016btu redzama no k\u0101jga\u013ca ir iesp\u0113jams starp k\u0101jga\u013ca k\u0101j\u0101m iestiprin\u0101t papildus dekorat\u012bvo paneli kas da\u013c\u0113ji nosedz ve\u013cas kasti no k\u0101jga\u013ca.<br \/>\nMatra\u010da atbalsta l\u012bstes ( redele), ve\u013cas kastes zem gultas vai dekorat\u012bvais panelis k\u0101jgal\u012b nav iek\u013cauta b\u0101zes cen\u0101! \u0160\u012bs komplekt\u0113jo\u0161\u0101s da\u013cas var ieg\u0101d\u0101ties atsevi\u0161\u0137i atbilsto\u0161i katra klienta vajadz\u012bb\u0101m.<\/p>\n<p>Gultas \u0101r\u0113jie izm\u0113ri :<br \/>\nGalvga\u013ca augstums no zemes 125 cm<br \/>\nGultas garums 208 cm<br \/>\nGultas platums + 13 cm pie matra\u010da platuma<\/p>\n","protected":false},"excerpt":{"rendered":"<p>Gulta &#8220;Luiza&#8221; izgatavota no melnalk\u0161\u0146a mas\u012bvkoka un ir ar m\u016bsdien\u012bgu dizainu. Gulta ir izgatavota no 30 mm bieza materi\u0101la kas padara gultas konstrukciju stabilu un iztur\u012bgu. Gultas b\u0101zes komplekt\u0101 ir iek\u013cauts gultas karkas un izm\u0113riem s\u0101kot no 120 platuma ar\u012b vidus l\u012bste ar regul\u0113jamu centr\u0101lo atbalsta k\u0101ju. Gultai ir iesp\u0113jams piekomplekt\u0113t ve\u013cas kastes kuras ir [&hellip;]<\/p>\n","protected":false},"featured_media":2476,"comment_status":"open","ping_status":"closed","template":"","meta":[],"_links":{"self":[{"href":"https:\/\/aizputesmebeles.lv\/index.php?rest_route=\/wp\/v2\/product\/1008"}],"collection":[{"href":"https:\/\/aizputesmebeles.lv\/index.php?rest_route=\/wp\/v2\/product"}],"about":[{"href":"https:\/\/aizputesmebeles.lv\/index.php?rest_route=\/wp\/v2\/types\/product"}],"replies":[{"embeddable":true,"href":"https:\/\/aizputesmebeles.lv\/index.php?rest_route=%2Fwp%2Fv2%2Fcomments&post=1008"}],"wp:featuredmedia":[{"embeddable":true,"href":"https:\/\/aizputesmebeles.lv\/index.php?rest_route=\/wp\/v2\/media\/2476"}],"wp:attachment":[{"href":"https:\/\/aizputesmebeles.lv\/index.php?rest_route=%2Fwp%2Fv2%2Fmedia&parent=1008"}],"curies":[{"name":"wp","href":"https:\/\/api.w.org\/{rel}","templated":true}]}}