{"id":1005,"date":"2021-04-09T01:41:45","date_gmt":"2021-04-08T22:41:45","guid":{"rendered":"http:\/\/aizputesmebeles.lv\/?post_type=product&#038;p=1005"},"modified":"2025-03-01T10:11:09","modified_gmt":"2025-03-01T08:11:09","slug":"multipocket-kombi","status":"publish","type":"product","link":"https:\/\/aizputesmebeles.lv\/?product=multipocket-kombi","title":{"rendered":"MultiPocket Kombi"},"content":{"rendered":"<p>Ortop\u0113disks matracis uz\u00a0atsperu bloka \u00abmultipocket\u00bb (380\u00a0atsperes\/m<sup>2<\/sup>) pamata, nodro\u0161ina pareizu mugurkaula st\u0101vokli miega laik\u0101.\u00a01.5\u00a0x vair\u0101k atsperu uz\u00a0m<sup>2<\/sup>\u00a0\u2014 prec\u012bz\u0101ka svara sadal\u012b\u0161ana.<br \/>\nSegums\u00a0\u2014 perfor\u0113ts latekss\u00a0\u2014 elast\u012bgs pild\u012bjums. Pie\u0146em anatomisku \u0137erme\u0146a formu. Labi atbalsta mugurkaulu t\u0101\u00a0dab\u012bg\u0101 st\u0101vokl\u012b, nodro\u0161inot musku\u013cu atsl\u0101bin\u0101\u0161anos.<br \/>\nOtra puse\u00a0\u2014 kokosa pl\u0101ksne\u00a0\u2014 elast\u012bgs, dab\u012bgs, gaisa caurlaid\u012bgs pild\u012bjums.<br \/>\nNo\u00a0ab\u0101m pus\u0113m p\u0101rkl\u0101ts ar\u00a0vatel\u012bna sl\u0101ni.<br \/>\nP\u0101rvalks no\u00a0auduma step\u0113ta pa\u00a0sintiponu ar\u00a0r\u0101v\u0113jsl\u0113dzi.<br \/>\nMatra\u010da augstums \u2248 22cm.<\/p>\n<p>\u2014 Atsperu bloks &#8220;MultiPocket&#8221;<br \/>\n\u2014 Latekss<br \/>\n\u2014 Latekss<br \/>\n\u2014 Kokosa pl\u0101ksne<br \/>\n\u2014 Vatel\u012bns<\/p>\n","protected":false},"excerpt":{"rendered":"<p>Ortop\u0113disks matracis uz\u00a0atsperu bloka \u00abmultipocket\u00bb (380\u00a0atsperes\/m2) pamata, nodro\u0161ina pareizu mugurkaula st\u0101vokli miega laik\u0101.\u00a01.5\u00a0x vair\u0101k atsperu uz\u00a0m2\u00a0\u2014 prec\u012bz\u0101ka svara sadal\u012b\u0161ana. Segums\u00a0\u2014 perfor\u0113ts latekss\u00a0\u2014 elast\u012bgs pild\u012bjums. Pie\u0146em anatomisku \u0137erme\u0146a formu. Labi atbalsta mugurkaulu t\u0101\u00a0dab\u012bg\u0101 st\u0101vokl\u012b, nodro\u0161inot musku\u013cu atsl\u0101bin\u0101\u0161anos. Otra puse\u00a0\u2014 kokosa pl\u0101ksne\u00a0\u2014 elast\u012bgs, dab\u012bgs, gaisa caurlaid\u012bgs pild\u012bjums. No\u00a0ab\u0101m pus\u0113m p\u0101rkl\u0101ts ar\u00a0vatel\u012bna sl\u0101ni. P\u0101rvalks no\u00a0auduma step\u0113ta pa\u00a0sintiponu ar\u00a0r\u0101v\u0113jsl\u0113dzi. [&hellip;]<\/p>\n","protected":false},"featured_media":2420,"comment_status":"open","ping_status":"closed","template":"","meta":[],"_links":{"self":[{"href":"https:\/\/aizputesmebeles.lv\/index.php?rest_route=\/wp\/v2\/product\/1005"}],"collection":[{"href":"https:\/\/aizputesmebeles.lv\/index.php?rest_route=\/wp\/v2\/product"}],"about":[{"href":"https:\/\/aizputesmebeles.lv\/index.php?rest_route=\/wp\/v2\/types\/product"}],"replies":[{"embeddable":true,"href":"https:\/\/aizputesmebeles.lv\/index.php?rest_route=%2Fwp%2Fv2%2Fcomments&post=1005"}],"wp:featuredmedia":[{"embeddable":true,"href":"https:\/\/aizputesmebeles.lv\/index.php?rest_route=\/wp\/v2\/media\/2420"}],"wp:attachment":[{"href":"https:\/\/aizputesmebeles.lv\/index.php?rest_route=%2Fwp%2Fv2%2Fmedia&parent=1005"}],"curies":[{"name":"wp","href":"https:\/\/api.w.org\/{rel}","templated":true}]}}