{"id":1002,"date":"2021-04-09T01:41:45","date_gmt":"2021-04-08T22:41:45","guid":{"rendered":"http:\/\/aizputesmebeles.lv\/?post_type=product&#038;p=1002"},"modified":"2025-03-01T11:30:05","modified_gmt":"2025-03-01T09:30:05","slug":"kokosa-matracis-5cm","status":"publish","type":"product","link":"https:\/\/aizputesmebeles.lv\/?product=kokosa-matracis-5cm","title":{"rendered":"Kokoss 5cm"},"content":{"rendered":"<p>B\u0113rnu matracis ide\u0101li piem\u0113rots vesel\u012bgam b\u0113rna miegam. Gluda virsma, m\u0113reni ciets.<\/p>\n<p>Pild\u012bjums \u2014 kokosa pl\u0101ksne \u2014 elast\u012bgs, dab\u012bgs gaisa caurlaid\u012bgs materi\u0101ls.<\/p>\n<p>P\u0101rvalks ar r\u0101v\u0113jsl\u0113dz\u0113ju no 100% kokvilnas auduma.<\/p>\n<p>Matra\u010da augstums \u2248 5cm.<\/p>\n<p>\u2014 Kokosa pl\u0101ksne<br \/>\n\u2014 Vatel\u012bns<\/p>\n","protected":false},"excerpt":{"rendered":"<p>B\u0113rnu matracis ide\u0101li piem\u0113rots vesel\u012bgam b\u0113rna miegam. Gluda virsma, m\u0113reni ciets. Pild\u012bjums \u2014 kokosa pl\u0101ksne \u2014 elast\u012bgs, dab\u012bgs gaisa caurlaid\u012bgs materi\u0101ls. P\u0101rvalks ar r\u0101v\u0113jsl\u0113dz\u0113ju no 100% kokvilnas auduma. Matra\u010da augstums \u2248 5cm. \u2014 Kokosa pl\u0101ksne \u2014 Vatel\u012bns<\/p>\n","protected":false},"featured_media":2430,"comment_status":"open","ping_status":"closed","template":"","meta":[],"_links":{"self":[{"href":"https:\/\/aizputesmebeles.lv\/index.php?rest_route=\/wp\/v2\/product\/1002"}],"collection":[{"href":"https:\/\/aizputesmebeles.lv\/index.php?rest_route=\/wp\/v2\/product"}],"about":[{"href":"https:\/\/aizputesmebeles.lv\/index.php?rest_route=\/wp\/v2\/types\/product"}],"replies":[{"embeddable":true,"href":"https:\/\/aizputesmebeles.lv\/index.php?rest_route=%2Fwp%2Fv2%2Fcomments&post=1002"}],"wp:featuredmedia":[{"embeddable":true,"href":"https:\/\/aizputesmebeles.lv\/index.php?rest_route=\/wp\/v2\/media\/2430"}],"wp:attachment":[{"href":"https:\/\/aizputesmebeles.lv\/index.php?rest_route=%2Fwp%2Fv2%2Fmedia&parent=1002"}],"curies":[{"name":"wp","href":"https:\/\/api.w.org\/{rel}","templated":true}]}}