{"id":1000,"date":"2021-04-09T01:41:44","date_gmt":"2021-04-08T22:41:44","guid":{"rendered":"http:\/\/aizputesmebeles.lv\/?post_type=product&#038;p=1000"},"modified":"2025-03-01T11:27:36","modified_gmt":"2025-03-01T09:27:36","slug":"poliureta%c2%81na-matracis-5cm","status":"publish","type":"product","link":"https:\/\/aizputesmebeles.lv\/?product=poliureta%c2%81na-matracis-5cm","title":{"rendered":"Porolons 5 cm"},"content":{"rendered":"<p>B\u0113rnu matracis ide\u0101li piem\u0113rots dienas miegam pirmsskolas vecuma b\u0113rnam.<\/p>\n<p>Pild\u012bjums \u2014 porolons (poliuret\u0101na putas) \u2014 elast\u012bgs, gaisa caurlaid\u012bgs. P\u0101rbaud\u012bts un dro\u0161s materi\u0101ls.<\/p>\n<p>P\u0101rvalks ar r\u0101v\u0113jsl\u0113dz\u0113ju no 100% kokvilnas auduma.<\/p>\n<p>Matra\u010da augstums \u2248 5cm.<\/p>\n","protected":false},"excerpt":{"rendered":"<p>B\u0113rnu matracis ide\u0101li piem\u0113rots dienas miegam pirmsskolas vecuma b\u0113rnam. Pild\u012bjums \u2014 porolons (poliuret\u0101na putas) \u2014 elast\u012bgs, gaisa caurlaid\u012bgs. P\u0101rbaud\u012bts un dro\u0161s materi\u0101ls. P\u0101rvalks ar r\u0101v\u0113jsl\u0113dz\u0113ju no 100% kokvilnas auduma. Matra\u010da augstums \u2248 5cm.<\/p>\n","protected":false},"featured_media":2437,"comment_status":"open","ping_status":"closed","template":"","meta":[],"_links":{"self":[{"href":"https:\/\/aizputesmebeles.lv\/index.php?rest_route=\/wp\/v2\/product\/1000"}],"collection":[{"href":"https:\/\/aizputesmebeles.lv\/index.php?rest_route=\/wp\/v2\/product"}],"about":[{"href":"https:\/\/aizputesmebeles.lv\/index.php?rest_route=\/wp\/v2\/types\/product"}],"replies":[{"embeddable":true,"href":"https:\/\/aizputesmebeles.lv\/index.php?rest_route=%2Fwp%2Fv2%2Fcomments&post=1000"}],"wp:featuredmedia":[{"embeddable":true,"href":"https:\/\/aizputesmebeles.lv\/index.php?rest_route=\/wp\/v2\/media\/2437"}],"wp:attachment":[{"href":"https:\/\/aizputesmebeles.lv\/index.php?rest_route=%2Fwp%2Fv2%2Fmedia&parent=1000"}],"curies":[{"name":"wp","href":"https:\/\/api.w.org\/{rel}","templated":true}]}}