{"id":9,"date":"2021-03-20T15:52:13","date_gmt":"2021-03-20T13:52:13","guid":{"rendered":"http:\/\/aizputesmebeles.lv\/?page_id=9"},"modified":"2021-04-09T10:22:04","modified_gmt":"2021-04-09T07:22:04","slug":"par-mums","status":"publish","type":"page","link":"https:\/\/aizputesmebeles.lv\/?page_id=9","title":{"rendered":"Par Mums"},"content":{"rendered":"\t\t<div data-elementor-type=\"wp-page\" data-elementor-id=\"9\" class=\"elementor elementor-9\" data-elementor-settings=\"[]\">\n\t\t\t\t\t\t\t<div class=\"elementor-section-wrap\">\n\t\t\t\t\t\t\t<section class=\"has_eae_slider elementor-section elementor-top-section elementor-element elementor-element-fbde25e elementor-section-boxed elementor-section-height-default elementor-section-height-default\" data-id=\"fbde25e\" data-element_type=\"section\">\n\t\t\t\t\t\t<div class=\"elementor-container elementor-column-gap-default\">\n\t\t\t\t\t<div class=\"has_eae_slider elementor-column elementor-col-50 elementor-top-column elementor-element elementor-element-53cf69e\" data-id=\"53cf69e\" data-element_type=\"column\">\n\t\t\t<div class=\"elementor-widget-wrap elementor-element-populated\">\n\t\t\t\t\t\t\t\t<section class=\"has_eae_slider elementor-section elementor-inner-section elementor-element elementor-element-0a55574 elementor-section-boxed elementor-section-height-default elementor-section-height-default\" data-id=\"0a55574\" data-element_type=\"section\">\n\t\t\t\t\t\t<div class=\"elementor-container elementor-column-gap-default\">\n\t\t\t\t\t<div class=\"has_eae_slider elementor-column elementor-col-100 elementor-inner-column elementor-element elementor-element-d373a3e\" data-id=\"d373a3e\" data-element_type=\"column\" data-settings=\"{&quot;background_background&quot;:&quot;classic&quot;}\">\n\t\t\t<div class=\"elementor-widget-wrap elementor-element-populated\">\n\t\t\t\t\t\t\t\t<div class=\"elementor-element elementor-element-12af6ed elementor-widget elementor-widget-heading\" data-id=\"12af6ed\" data-element_type=\"widget\" data-widget_type=\"heading.default\">\n\t\t\t\t<div class=\"elementor-widget-container\">\n\t\t\t<h2 class=\"elementor-heading-title elementor-size-default\">PAR MUMS <\/h2>\t\t<\/div>\n\t\t\t\t<\/div>\n\t\t\t\t<div class=\"elementor-element elementor-element-c325c39 elementor-widget elementor-widget-text-editor\" data-id=\"c325c39\" data-element_type=\"widget\" data-widget_type=\"text-editor.default\">\n\t\t\t\t<div class=\"elementor-widget-container\">\n\t\t\t\t\t<div class=\"elementor-text-editor elementor-clearfix\">SIA &#8220;Barss-Am&#8221; ir Aizput\u0113 b\u0101z\u0113ts kokapstr\u0101des un m\u0113be\u013cu ra\u017eotnes uz\u0146\u0113mums ar mazumtirdzniec\u012bbas veikalu t\u012bklu &#8220;Aizputes M\u0113beles&#8221;. Veikali atrodas Liep\u0101j\u0101,\u00a0 Kuld\u012bg\u0101 un Aizput\u0113! Uz\u0146\u0113mums ir ar daudzu gadu pieredzi koka un m\u012bksto m\u0113be\u013cu ra\u017eo\u0161an\u0101! M\u0113s pied\u0101v\u0101jam pla\u0161u kl\u0101stu standarta koka un m\u012bkst\u0101s m\u0113beles, k\u0101 ar\u012b veicam da\u017e\u0101dus individu\u0101lus pas\u016bt\u012bjumus! <\/span><\/div>\n\t\t\t\t<\/div>\n\t\t\t\t<\/div>\n\t\t\t\t\t<\/div>\n\t\t<\/div>\n\t\t\t\t\t\t\t<\/div>\n\t\t<\/section>\n\t\t\t\t\t<\/div>\n\t\t<\/div>\n\t\t\t\t<div class=\"has_eae_slider elementor-column elementor-col-50 elementor-top-column elementor-element elementor-element-59ee3fe\" data-id=\"59ee3fe\" data-element_type=\"column\">\n\t\t\t<div class=\"elementor-widget-wrap elementor-element-populated\">\n\t\t\t\t\t\t\t\t<div class=\"elementor-element elementor-element-01e5de2 elementor-widget elementor-widget-image\" data-id=\"01e5de2\" data-element_type=\"widget\" data-widget_type=\"image.default\">\n\t\t\t\t<div class=\"elementor-widget-container\">\n\t\t\t\t\t<div class=\"elementor-image\">\n\t\t\t\t\t\t\t\t\t\t<img loading=\"lazy\" decoding=\"async\" width=\"640\" height=\"640\" src=\"https:\/\/aizputesmebeles.lv\/wp-content\/uploads\/2021\/04\/baneris.png\" class=\"attachment-large size-large\" alt=\"\" srcset=\"https:\/\/aizputesmebeles.lv\/wp-content\/uploads\/2021\/04\/baneris.png 800w, https:\/\/aizputesmebeles.lv\/wp-content\/uploads\/2021\/04\/baneris-300x300.png 300w, https:\/\/aizputesmebeles.lv\/wp-content\/uploads\/2021\/04\/baneris-150x150.png 150w, https:\/\/aizputesmebeles.lv\/wp-content\/uploads\/2021\/04\/baneris-768x768.png 768w, https:\/\/aizputesmebeles.lv\/wp-content\/uploads\/2021\/04\/baneris-640x640.png 640w, https:\/\/aizputesmebeles.lv\/wp-content\/uploads\/2021\/04\/baneris-600x600.png 600w, https:\/\/aizputesmebeles.lv\/wp-content\/uploads\/2021\/04\/baneris-100x100.png 100w\" sizes=\"(max-width: 640px) 100vw, 640px\" \/>\t\t\t\t\t\t\t\t\t\t\t<\/div>\n\t\t\t\t<\/div>\n\t\t\t\t<\/div>\n\t\t\t\t\t<\/div>\n\t\t<\/div>\n\t\t\t\t\t\t\t<\/div>\n\t\t<\/section>\n\t\t\t\t\t\t<\/div>\n\t\t\t\t\t<\/div>\n\t\t","protected":false},"excerpt":{"rendered":"<p>PAR MUMS SIA &#8220;Barss-Am&#8221; ir Aizput\u0113 b\u0101z\u0113ts kokapstr\u0101des un m\u0113be\u013cu ra\u017eotnes uz\u0146\u0113mums ar mazumtirdzniec\u012bbas veikalu t\u012bklu &#8220;Aizputes M\u0113beles&#8221;. Veikali atrodas Liep\u0101j\u0101,\u00a0 Kuld\u012bg\u0101 un Aizput\u0113! Uz\u0146\u0113mums ir ar daudzu gadu pieredzi koka un m\u012bksto m\u0113be\u013cu ra\u017eo\u0161an\u0101! M\u0113s pied\u0101v\u0101jam pla\u0161u kl\u0101stu standarta koka un m\u012bkst\u0101s m\u0113beles, k\u0101 ar\u012b veicam da\u017e\u0101dus individu\u0101lus pas\u016bt\u012bjumus!<\/p>\n","protected":false},"author":1,"featured_media":0,"parent":0,"menu_order":0,"comment_status":"closed","ping_status":"closed","template":"elementor_header_footer","meta":{"footnotes":""},"_links":{"self":[{"href":"https:\/\/aizputesmebeles.lv\/index.php?rest_route=\/wp\/v2\/pages\/9"}],"collection":[{"href":"https:\/\/aizputesmebeles.lv\/index.php?rest_route=\/wp\/v2\/pages"}],"about":[{"href":"https:\/\/aizputesmebeles.lv\/index.php?rest_route=\/wp\/v2\/types\/page"}],"author":[{"embeddable":true,"href":"https:\/\/aizputesmebeles.lv\/index.php?rest_route=\/wp\/v2\/users\/1"}],"replies":[{"embeddable":true,"href":"https:\/\/aizputesmebeles.lv\/index.php?rest_route=%2Fwp%2Fv2%2Fcomments&post=9"}],"version-history":[{"count":10,"href":"https:\/\/aizputesmebeles.lv\/index.php?rest_route=\/wp\/v2\/pages\/9\/revisions"}],"predecessor-version":[{"id":1449,"href":"https:\/\/aizputesmebeles.lv\/index.php?rest_route=\/wp\/v2\/pages\/9\/revisions\/1449"}],"wp:attachment":[{"href":"https:\/\/aizputesmebeles.lv\/index.php?rest_route=%2Fwp%2Fv2%2Fmedia&parent=9"}],"curies":[{"name":"wp","href":"https:\/\/api.w.org\/{rel}","templated":true}]}}